{"id":17,"date":"2017-02-25T12:58:08","date_gmt":"2017-02-25T12:58:08","guid":{"rendered":"http:\/\/wordpress.uhren-schmuck-hessen.de\/?page_id=17"},"modified":"2023-03-07T14:43:35","modified_gmt":"2023-03-07T14:43:35","slug":"impressum","status":"publish","type":"page","link":"https:\/\/www.uhren-schmuck-hessen.de\/?page_id=17","title":{"rendered":"Impressum"},"content":{"rendered":"<div id=\"pl-17\"  class=\"panel-layout\" ><div id=\"pg-17-0\"  class=\"panel-grid panel-no-style\" ><div id=\"pgc-17-0-0\"  class=\"panel-grid-cell\" ><div id=\"panel-17-0-0-0\" class=\"so-panel widget widget_sow-editor panel-first-child panel-last-child\" data-index=\"0\" ><div\n\t\t\t\n\t\t\tclass=\"so-widget-sow-editor so-widget-sow-editor-base\"\n\t\t\t\n\t\t>\n<div class=\"siteorigin-widget-tinymce textwidget\">\n\t<p>Gesch\u00e4ftsstelle:<\/p>\n<p>Kreishandwerkerschaft Gie\u00dfen<br \/>\nGoethestra\u00dfe 10<br \/>\n35390 Gie\u00dfen<br \/>\nTelefon: 0641-97490 0<br \/>\nTelefax: 0641-97490 60<br \/>\nE-Mail: info@uhren-schmuck-hessen.de<br \/>\nInternet: www.uhren-schmuck-hessen.de<br \/>\nzust\u00e4ndige Beh\u00f6rde: Hess. Ministerium f\u00fcr Wirtschaft, Verkehr und Landesentwicklung, Kaiser-Friedrich-Ring 75, 65185 Wiesbaden<\/p>\n<p>Copyright:<br \/>\n\u00a9 1993-2023 by Markus M\u00fcller. Alle Rechte vorbehalten.<\/p>\n<p>Verantwortlich gem. \u00a76 TDG: Markus M\u00fcller<\/p>\n<p>Rechtshinweis zu allen Links:\u00a0Wir erkl\u00e4ren ausdr\u00fccklich, dass wir keinerlei Einfluss auf die Gestaltung und die Inhalte der verlinkten Seiten haben. Deshalb distanzieren wir uns hiermit ausdr\u00fccklich von allen Inhalten aller verlinkter Seiten unserer Homepage und machen uns diese Inhalte nicht zu Eigen. Diese Erkl\u00e4rung gilt f\u00fcr alle auf unserer Homepage angezeigten Links und f\u00fcr alle Inhalte der Seiten, zu denen die bei uns angemeldeten Banner und Links f\u00fchren.<\/p>\n<\/div>\n<\/div><\/div><\/div><\/div><\/div>","protected":false},"excerpt":{"rendered":"<p>Gesch\u00e4ftsstelle: Kreishandwerkerschaft Gie\u00dfen Goethestra\u00dfe 10 35390 Gie\u00dfen Telefon: 0641-97490 0 Telefax: 0641-97490 60 E-Mail: info@uhren-schmuck-hessen.de Internet: www.uhren-schmuck-hessen.de zust\u00e4ndige Beh\u00f6rde: Hess. Ministerium f\u00fcr Wirtschaft, Verkehr und Landesentwicklung, Kaiser-Friedrich-Ring 75, 65185 Wiesbaden Copyright: \u00a9 1993-2023 by Markus M\u00fcller. Alle Rechte vorbehalten. Verantwortlich gem. \u00a76 TDG: Markus M\u00fcller Rechtshinweis zu allen Links:\u00a0Wir erkl\u00e4ren ausdr\u00fccklich, dass wir keinerlei Einfluss&#8230;<\/p>\n","protected":false},"author":1,"featured_media":0,"parent":0,"menu_order":0,"comment_status":"closed","ping_status":"closed","template":"","meta":{"footnotes":""},"class_list":["post-17","page","type-page","status-publish","hentry"],"_links":{"self":[{"href":"https:\/\/www.uhren-schmuck-hessen.de\/index.php?rest_route=\/wp\/v2\/pages\/17","targetHints":{"allow":["GET"]}}],"collection":[{"href":"https:\/\/www.uhren-schmuck-hessen.de\/index.php?rest_route=\/wp\/v2\/pages"}],"about":[{"href":"https:\/\/www.uhren-schmuck-hessen.de\/index.php?rest_route=\/wp\/v2\/types\/page"}],"author":[{"embeddable":true,"href":"https:\/\/www.uhren-schmuck-hessen.de\/index.php?rest_route=\/wp\/v2\/users\/1"}],"replies":[{"embeddable":true,"href":"https:\/\/www.uhren-schmuck-hessen.de\/index.php?rest_route=%2Fwp%2Fv2%2Fcomments&post=17"}],"version-history":[{"count":8,"href":"https:\/\/www.uhren-schmuck-hessen.de\/index.php?rest_route=\/wp\/v2\/pages\/17\/revisions"}],"predecessor-version":[{"id":271,"href":"https:\/\/www.uhren-schmuck-hessen.de\/index.php?rest_route=\/wp\/v2\/pages\/17\/revisions\/271"}],"wp:attachment":[{"href":"https:\/\/www.uhren-schmuck-hessen.de\/index.php?rest_route=%2Fwp%2Fv2%2Fmedia&parent=17"}],"curies":[{"name":"wp","href":"https:\/\/api.w.org\/{rel}","templated":true}]}}