{"id":19,"date":"2017-02-25T12:57:49","date_gmt":"2017-02-25T12:57:49","guid":{"rendered":"http:\/\/wordpress.uhren-schmuck-hessen.de\/?page_id=19"},"modified":"2020-11-06T19:09:12","modified_gmt":"2020-11-06T19:09:12","slug":"vorstand","status":"publish","type":"page","link":"https:\/\/www.uhren-schmuck-hessen.de\/?page_id=19","title":{"rendered":"Vorstand"},"content":{"rendered":"<div id=\"pl-19\"  class=\"panel-layout\" ><div id=\"pg-19-0\"  class=\"panel-grid panel-no-style\" ><div id=\"pgc-19-0-0\"  class=\"panel-grid-cell\" ><div id=\"panel-19-0-0-0\" class=\"so-panel widget widget_sow-editor panel-first-child panel-last-child\" data-index=\"0\" ><div\n\t\t\t\n\t\t\tclass=\"so-widget-sow-editor so-widget-sow-editor-base\"\n\t\t\t\n\t\t>\n<div class=\"siteorigin-widget-tinymce textwidget\">\n\t<p>J\u00f6rg Leinekugel (Landesinnungsmeister)<\/p>\n<p>Dr. Norbert Sieber (stv. Landesinnungsmeister)<\/p>\n<p>Markus M\u00fcller (Landeslehrlingswart)<\/p>\n<p>Ralf J\u00f6ckel (Beisitzer)<\/p>\n<p>Uwe Bock (Gesch\u00e4ftsf\u00fchrer)<\/p>\n<\/div>\n<\/div><\/div><\/div><\/div><\/div>","protected":false},"excerpt":{"rendered":"<p>J\u00f6rg Leinekugel (Landesinnungsmeister) Dr. Norbert Sieber (stv. Landesinnungsmeister) Markus M\u00fcller (Landeslehrlingswart) Ralf J\u00f6ckel (Beisitzer) Uwe Bock (Gesch\u00e4ftsf\u00fchrer)<\/p>\n","protected":false},"author":1,"featured_media":0,"parent":0,"menu_order":0,"comment_status":"closed","ping_status":"closed","template":"","meta":{"footnotes":""},"class_list":["post-19","page","type-page","status-publish","hentry"],"_links":{"self":[{"href":"https:\/\/www.uhren-schmuck-hessen.de\/index.php?rest_route=\/wp\/v2\/pages\/19","targetHints":{"allow":["GET"]}}],"collection":[{"href":"https:\/\/www.uhren-schmuck-hessen.de\/index.php?rest_route=\/wp\/v2\/pages"}],"about":[{"href":"https:\/\/www.uhren-schmuck-hessen.de\/index.php?rest_route=\/wp\/v2\/types\/page"}],"author":[{"embeddable":true,"href":"https:\/\/www.uhren-schmuck-hessen.de\/index.php?rest_route=\/wp\/v2\/users\/1"}],"replies":[{"embeddable":true,"href":"https:\/\/www.uhren-schmuck-hessen.de\/index.php?rest_route=%2Fwp%2Fv2%2Fcomments&post=19"}],"version-history":[{"count":3,"href":"https:\/\/www.uhren-schmuck-hessen.de\/index.php?rest_route=\/wp\/v2\/pages\/19\/revisions"}],"predecessor-version":[{"id":189,"href":"https:\/\/www.uhren-schmuck-hessen.de\/index.php?rest_route=\/wp\/v2\/pages\/19\/revisions\/189"}],"wp:attachment":[{"href":"https:\/\/www.uhren-schmuck-hessen.de\/index.php?rest_route=%2Fwp%2Fv2%2Fmedia&parent=19"}],"curies":[{"name":"wp","href":"https:\/\/api.w.org\/{rel}","templated":true}]}}