{"id":43,"date":"2017-02-25T12:29:30","date_gmt":"2017-02-25T12:29:30","guid":{"rendered":"http:\/\/wordpress.uhren-schmuck-hessen.de\/?page_id=43"},"modified":"2017-03-06T20:13:27","modified_gmt":"2017-03-06T20:13:27","slug":"uhrmacher-in-hessen","status":"publish","type":"page","link":"https:\/\/www.uhren-schmuck-hessen.de\/","title":{"rendered":"Uhrmacher in Hessen"},"content":{"rendered":"<div id=\"pl-43\"  class=\"panel-layout\" ><div id=\"pg-43-0\"  class=\"panel-grid panel-no-style\" ><div id=\"pgc-43-0-0\"  class=\"panel-grid-cell\" ><div id=\"panel-43-0-0-0\" class=\"so-panel widget widget_sow-editor panel-first-child panel-last-child\" data-index=\"0\" ><div\n\t\t\t\n\t\t\tclass=\"so-widget-sow-editor so-widget-sow-editor-base\"\n\t\t\t\n\t\t>\n<div class=\"siteorigin-widget-tinymce textwidget\">\n\t<p>Sie lieben Uhren \u2013 wir lieben Uhren und unser Handwerk<\/p>\n\n<p>Sie suchen einen Fachmann \/ eine Fachfrau f\u00fcr Ihre Uhr, die Ihnen besonders ans Herz gewachsen ist. Oder Sie suchen eine neue Uhr, mit der Sie sich einen besonderen Wunsch erf\u00fcllen m\u00f6chten. Wir sind die Uhrmachermeister\/innen und Uhrmacher\/innen, haben unser Handwerk von der Pike auf gelernt und sind deshalb ihre perfekten Ansprechpartner\/innen. Egal ob Sie eine neue Uhr suchen, weil Sie in Sachen Qualit\u00e4t, Nachhaltigkeit und Service sicher gehen wollen, oder ob Sie ihr gutes St\u00fcck reparieren lassen wollen, bei den Mitgliedsbetrieben der Fachinnung Uhren, Schmuck und Zeitmesstechnik Fulda \u2013 Kassel finden Sie sicher eine\/n Uhrmacher\/in ihres Vertrauen. Wir k\u00fcmmern uns um Ihre Uhr, ob mechanisch oder elektronisch, ob neu oder antik, ob kleine Damenarmbanduhr oder gro\u00dfe Hausuhr. Die Werkst\u00e4tten unserer Innungsfachbetriebe sind zeitgem\u00e4\u00df ausgestattet, hochqualifiziert und teilweise vom Zentralverband f\u00fcr Uhren, Schmuck und Zeitmesstechnik zertifiziert. Sprechen Sie uns an.<\/p>\n<\/div>\n<\/div><\/div><\/div><\/div><\/div>","protected":false},"excerpt":{"rendered":"<p>Sie lieben Uhren \u2013 wir lieben Uhren und unser HandwerkSie suchen einen Fachmann \/ eine Fachfrau f\u00fcr Ihre Uhr, die Ihnen besonders ans Herz gewachsen ist. Oder Sie suchen eine neue Uhr, mit der Sie sich einen besonderen Wunsch erf\u00fcllen m\u00f6chten. Wir sind die Uhrmachermeister\/innen und Uhrmacher\/innen, haben unser Handwerk von der Pike auf gelernt&#8230;<\/p>\n","protected":false},"author":1,"featured_media":0,"parent":0,"menu_order":0,"comment_status":"closed","ping_status":"closed","template":"","meta":{"footnotes":""},"class_list":["post-43","page","type-page","status-publish","hentry"],"_links":{"self":[{"href":"https:\/\/www.uhren-schmuck-hessen.de\/index.php?rest_route=\/wp\/v2\/pages\/43","targetHints":{"allow":["GET"]}}],"collection":[{"href":"https:\/\/www.uhren-schmuck-hessen.de\/index.php?rest_route=\/wp\/v2\/pages"}],"about":[{"href":"https:\/\/www.uhren-schmuck-hessen.de\/index.php?rest_route=\/wp\/v2\/types\/page"}],"author":[{"embeddable":true,"href":"https:\/\/www.uhren-schmuck-hessen.de\/index.php?rest_route=\/wp\/v2\/users\/1"}],"replies":[{"embeddable":true,"href":"https:\/\/www.uhren-schmuck-hessen.de\/index.php?rest_route=%2Fwp%2Fv2%2Fcomments&post=43"}],"version-history":[{"count":6,"href":"https:\/\/www.uhren-schmuck-hessen.de\/index.php?rest_route=\/wp\/v2\/pages\/43\/revisions"}],"predecessor-version":[{"id":135,"href":"https:\/\/www.uhren-schmuck-hessen.de\/index.php?rest_route=\/wp\/v2\/pages\/43\/revisions\/135"}],"wp:attachment":[{"href":"https:\/\/www.uhren-schmuck-hessen.de\/index.php?rest_route=%2Fwp%2Fv2%2Fmedia&parent=43"}],"curies":[{"name":"wp","href":"https:\/\/api.w.org\/{rel}","templated":true}]}}